{"id":226,"date":"2026-03-12T14:07:03","date_gmt":"2026-03-12T14:07:03","guid":{"rendered":"https:\/\/buddhazenstone.ch\/?page_id=226"},"modified":"2026-03-12T14:18:33","modified_gmt":"2026-03-12T14:18:33","slug":"ueber-uns","status":"publish","type":"page","link":"https:\/\/buddhazenstone.ch\/en\/ueber-uns\/","title":{"rendered":"\u00dcber uns"},"content":{"rendered":"<p>\u00dcber uns<\/p>\n\n\n\n<p>Willkommen bei BuddhaZen.<\/p>\n\n\n\n<p>BuddhaZen steht f\u00fcr Schmuck mit Bedeutung \u2013 inspiriert von der Harmonie der Natur, der Weisheit des Buddhismus und den Prinzipien des Feng Shui.<\/p>\n\n\n\n<p>Wir glauben, dass Schmuck mehr sein kann als nur ein Accessoire. Jedes St\u00fcck kann ein Symbol sein \u2013 f\u00fcr Gl\u00fcck, Schutz, Balance und positive Energie im Alltag.<\/p>\n\n\n\n<p>Unsere Kollektion umfasst sorgf\u00e4ltig ausgew\u00e4hlte Armb\u00e4nder, Anh\u00e4nger und Ringe, die nicht nur stilvoll aussehen, sondern auch eine tiefere Bedeutung tragen.<\/p>\n\n\n\n<p>Unsere Vision<\/p>\n\n\n\n<p>Unsere Vision ist es, Schmuck zu schaffen, der Menschen daran erinnert, im Alltag innezuhalten, positive Energie zu sp\u00fcren und ihre innere Balance zu bewahren.<\/p>\n\n\n\n<p>BuddhaZen Schmuck ist mehr als ein Detail \u2013 er ist ein kleiner Begleiter f\u00fcr Harmonie, St\u00e4rke und Gl\u00fcck.<\/p>\n\n\n\n<p>Warum BuddhaZen<\/p>\n\n\n\n<ul class=\"wp-block-list\">\n<li>Inspiriert von Feng Shui und buddhistischer Symbolik<\/li>\n\n\n\n<li>Zeitlose Designs mit spiritueller Bedeutung<\/li>\n\n\n\n<li>Perfekt als pers\u00f6nlicher Gl\u00fccksbringer oder Geschenk<\/li>\n\n\n\n<li>Schmuck f\u00fcr Balance, Energie und Achtsamkeit im Alltag<\/li>\n<\/ul>\n\n\n\n<p>Vielen Dank, dass Sie Teil von BuddhaZen sind.<\/p>\n\n\n\n<p><\/p>","protected":false},"excerpt":{"rendered":"<p>\u00dcber uns Willkommen bei BuddhaZen. BuddhaZen steht f\u00fcr Schmuck mit Bedeutung \u2013 inspiriert von der Harmonie der Natur, der Weisheit [&hellip;]<\/p>\n","protected":false},"author":1,"featured_media":0,"parent":0,"menu_order":0,"comment_status":"closed","ping_status":"closed","template":"","meta":{"site-sidebar-layout":"default","site-content-layout":"","ast-site-content-layout":"default","site-content-style":"default","site-sidebar-style":"default","ast-global-header-display":"","ast-banner-title-visibility":"","ast-main-header-display":"","ast-hfb-above-header-display":"","ast-hfb-below-header-display":"","ast-hfb-mobile-header-display":"","site-post-title":"","ast-breadcrumbs-content":"","ast-featured-img":"","footer-sml-layout":"","ast-disable-related-posts":"","theme-transparent-header-meta":"","adv-header-id-meta":"","stick-header-meta":"","header-above-stick-meta":"","header-main-stick-meta":"","header-below-stick-meta":"","astra-migrate-meta-layouts":"default","ast-page-background-enabled":"default","ast-page-background-meta":{"desktop":{"background-color":"var(--ast-global-color-5)","background-image":"","background-repeat":"repeat","background-position":"center center","background-size":"auto","background-attachment":"scroll","background-type":"","background-media":"","overlay-type":"","overlay-color":"","overlay-opacity":"","overlay-gradient":""},"tablet":{"background-color":"","background-image":"","background-repeat":"repeat","background-position":"center center","background-size":"auto","background-attachment":"scroll","background-type":"","background-media":"","overlay-type":"","overlay-color":"","overlay-opacity":"","overlay-gradient":""},"mobile":{"background-color":"","background-image":"","background-repeat":"repeat","background-position":"center center","background-size":"auto","background-attachment":"scroll","background-type":"","background-media":"","overlay-type":"","overlay-color":"","overlay-opacity":"","overlay-gradient":""}},"ast-content-background-meta":{"desktop":{"background-color":"var(--ast-global-color-4)","background-image":"","background-repeat":"repeat","background-position":"center center","background-size":"auto","background-attachment":"scroll","background-type":"","background-media":"","overlay-type":"","overlay-color":"","overlay-opacity":"","overlay-gradient":""},"tablet":{"background-color":"var(--ast-global-color-4)","background-image":"","background-repeat":"repeat","background-position":"center center","background-size":"auto","background-attachment":"scroll","background-type":"","background-media":"","overlay-type":"","overlay-color":"","overlay-opacity":"","overlay-gradient":""},"mobile":{"background-color":"var(--ast-global-color-4)","background-image":"","background-repeat":"repeat","background-position":"center center","background-size":"auto","background-attachment":"scroll","background-type":"","background-media":"","overlay-type":"","overlay-color":"","overlay-opacity":"","overlay-gradient":""}},"footnotes":""},"class_list":["post-226","page","type-page","status-publish","hentry"],"_links":{"self":[{"href":"https:\/\/buddhazenstone.ch\/en\/wp-json\/wp\/v2\/pages\/226","targetHints":{"allow":["GET"]}}],"collection":[{"href":"https:\/\/buddhazenstone.ch\/en\/wp-json\/wp\/v2\/pages"}],"about":[{"href":"https:\/\/buddhazenstone.ch\/en\/wp-json\/wp\/v2\/types\/page"}],"author":[{"embeddable":true,"href":"https:\/\/buddhazenstone.ch\/en\/wp-json\/wp\/v2\/users\/1"}],"replies":[{"embeddable":true,"href":"https:\/\/buddhazenstone.ch\/en\/wp-json\/wp\/v2\/comments?post=226"}],"version-history":[{"count":3,"href":"https:\/\/buddhazenstone.ch\/en\/wp-json\/wp\/v2\/pages\/226\/revisions"}],"predecessor-version":[{"id":231,"href":"https:\/\/buddhazenstone.ch\/en\/wp-json\/wp\/v2\/pages\/226\/revisions\/231"}],"wp:attachment":[{"href":"https:\/\/buddhazenstone.ch\/en\/wp-json\/wp\/v2\/media?parent=226"}],"curies":[{"name":"wp","href":"https:\/\/api.w.org\/{rel}","templated":true}]}}